{"id":2160,"date":"2025-05-13T01:30:57","date_gmt":"2025-05-13T01:30:57","guid":{"rendered":"https:\/\/smartcompany.ma\/?post_type=product&#038;p=2160"},"modified":"2025-05-13T21:57:16","modified_gmt":"2025-05-13T21:57:16","slug":"z00150","status":"publish","type":"product","link":"https:\/\/smartcompany.ma\/index.php\/produit\/z00150\/","title":{"rendered":"Z00150"},"content":{"rendered":"<p><a href=\"https:\/\/wa.me\/00212657565383\"><br \/>\n<\/a><a href=\"https:\/\/wa.me\/+212657565383\"><br \/>\n<\/a><strong><a href=\"https:\/\/wa.me\/+212657565383\"><br \/>\n<\/a>Fiche technique\u00a0:<\/strong><\/p>\n<p>&nbsp;<\/p>\n<table width=\"1303\">\n<tbody>\n<tr>\n<td><strong>Gap<\/strong><\/td>\n<td><strong>80 mm<\/strong><\/td>\n<\/tr>\n<tr>\n<td><strong>Surface Width<\/strong><\/td>\n<td><strong>150 mm<\/strong><\/td>\n<\/tr>\n<tr>\n<td><strong>Load Capacity<\/strong><\/td>\n<td><strong>Resistant for pedestrian traffic.<\/strong><\/td>\n<\/tr>\n<tr>\n<td><strong>Color<\/strong><\/td>\n<td><strong>Matt Anodized<\/strong><\/td>\n<\/tr>\n<tr>\n<td><strong>Length<\/strong><\/td>\n<td><strong>3mt<\/strong><\/td>\n<\/tr>\n<\/tbody>\n<\/table>\n<p>&nbsp;<\/p>\n<p><strong><a href=\"https:\/\/wa.me\/+212657565383\"><br \/>\n<\/a>D\u00e9tails \u00a0technique\u00a0:<\/strong><\/p>\n<p>&nbsp;<\/p>\n<p>PROFIL DE COUVERTURE POUR JOINTS DE DILATATION<\/p>\n<p>Caract\u00e9ristiques Techniques :<\/p>\n<ul>\n<li>Produit :\u00a0Profil en aluminium pour joints de dilatation de plancher<\/li>\n<li>Code article :\u00a0Z 000150<\/li>\n<li>Finition :\u00a0Aluminium anodis\u00e9<\/li>\n<li>Largeur totale :\u00a0150 mm<\/li>\n<li>Largeur visible :\u00a0150 mm<\/li>\n<li>Longueur standard :\u00a03 m<\/li>\n<li>Installation :\u00a0Montage en surface<\/li>\n<li>Mat\u00e9riau :\u00a0Aluminium<\/li>\n<li>Ouverture maximale du joint :\u00a080 mm<\/li>\n<\/ul>\n<p>Sp\u00e9cifications de l\u2019aluminium :<\/p>\n<ul>\n<li>Standards :\u00a06063 AA-USA \/ DIN AlMgSi 0.5<\/li>\n<li>Temp\u00e9rature de fusion :\u00a0660\u00b0C<\/li>\n<li>Temp\u00e9rature d\u2019\u00e9bullition :\u00a02300\u00b0C<\/li>\n<li>R\u00e9sistance \u00e0 la rupture :\u00a01,65 Kg\/mm\u00b2<\/li>\n<li>R\u00e9sistance \u00e0 la traction :\u00a019,0 Kg\/mm\u00b2<\/li>\n<li>Allongement (5\u00a0%) :\u00a08,0 Kg\/mm\u00b2<\/li>\n<li>Conductivit\u00e9 thermique :\u00a00,44 cal\/cm.s.\u00b0C<\/li>\n<li>R\u00e9sistance \u00e9lectrique (20\u00b0) :\u00a00,38 W.mm\u00b2\/m<\/li>\n<li>Anodisation :\u00a0Oui, \u00e9paisseur 8-10 microns<\/li>\n<li>Densit\u00e9 :\u00a02,71 Kg\/cm\u00b3<\/li>\n<li>Module d\u2019\u00e9lasticit\u00e9 :\u00a069 GPa<\/li>\n<li>Couleur :\u00a0Naturelle<\/li>\n<\/ul>\n<p>Composition de l\u2019aluminium :<\/p>\n<ul>\n<li>Si : 0,20-0,60%<\/li>\n<li>Fe : 0,35%<\/li>\n<li>Mn : 0,10%<\/li>\n<li>Mg : 0,45-0,90%<\/li>\n<li>Ti : 0,10%<\/li>\n<li>Cr : 0,10%<\/li>\n<li>Autres : 0,15%<\/li>\n<\/ul>\n<p>Applications :<\/p>\n<ol>\n<li>Utilis\u00e9 pour les joints de dilatation dans les planchers des b\u00e2timents commerciaux, r\u00e9sidentiels et industriels.<\/li>\n<li>Convient pour les zones soumises \u00e0 de forts mouvements structurels.<\/li>\n<li>Id\u00e9al pour les projets d\u2019infrastructures comme les a\u00e9roports, les centres commerciaux, et les h\u00f4pitaux.<\/li>\n<\/ol>\n","protected":false},"excerpt":{"rendered":"<p><strong>PROFIL DE COUVERTURE POUR JOINTS DE DILATATION<\/strong><\/p>\n<p>Profil de couverture en aluminium anodis\u00e9 pour joints de dilatation jusqu\u2019\u00e0 80 mm, id\u00e9al pour les planchers de b\u00e2timents commerciaux, industriels ou publics. Robuste, esth\u00e9tique et facile \u00e0 poser en surface.<\/p>\n","protected":false},"featured_media":162,"comment_status":"open","ping_status":"closed","template":"","meta":[],"product_brand":[],"product_cat":[27],"product_tag":[56,58,57],"class_list":{"0":"post-2160","1":"product","2":"type-product","3":"status-publish","4":"has-post-thumbnail","6":"product_cat-non-classe","7":"product_tag-joint","8":"product_tag-joint-de-profil","9":"product_tag-profil","11":"first","12":"instock","13":"shipping-taxable","14":"purchasable","15":"product-type-simple"},"_links":{"self":[{"href":"https:\/\/smartcompany.ma\/index.php\/wp-json\/wp\/v2\/product\/2160","targetHints":{"allow":["GET"]}}],"collection":[{"href":"https:\/\/smartcompany.ma\/index.php\/wp-json\/wp\/v2\/product"}],"about":[{"href":"https:\/\/smartcompany.ma\/index.php\/wp-json\/wp\/v2\/types\/product"}],"replies":[{"embeddable":true,"href":"https:\/\/smartcompany.ma\/index.php\/wp-json\/wp\/v2\/comments?post=2160"}],"wp:featuredmedia":[{"embeddable":true,"href":"https:\/\/smartcompany.ma\/index.php\/wp-json\/wp\/v2\/media\/162"}],"wp:attachment":[{"href":"https:\/\/smartcompany.ma\/index.php\/wp-json\/wp\/v2\/media?parent=2160"}],"wp:term":[{"taxonomy":"product_brand","embeddable":true,"href":"https:\/\/smartcompany.ma\/index.php\/wp-json\/wp\/v2\/product_brand?post=2160"},{"taxonomy":"product_cat","embeddable":true,"href":"https:\/\/smartcompany.ma\/index.php\/wp-json\/wp\/v2\/product_cat?post=2160"},{"taxonomy":"product_tag","embeddable":true,"href":"https:\/\/smartcompany.ma\/index.php\/wp-json\/wp\/v2\/product_tag?post=2160"}],"curies":[{"name":"wp","href":"https:\/\/api.w.org\/{rel}","templated":true}]}}