{"id":2159,"date":"2025-05-13T01:28:59","date_gmt":"2025-05-13T01:28:59","guid":{"rendered":"https:\/\/smartcompany.ma\/?post_type=product&#038;p=2159"},"modified":"2025-05-13T21:57:39","modified_gmt":"2025-05-13T21:57:39","slug":"zk-200","status":"publish","type":"product","link":"https:\/\/smartcompany.ma\/index.php\/produit\/zk-200\/","title":{"rendered":"ZK 200"},"content":{"rendered":"<p><strong>Fiche technique\u00a0:<\/strong><\/p>\n<p>&nbsp;<\/p>\n<table width=\"892\">\n<tbody>\n<tr>\n<td><strong>Gap<\/strong><\/td>\n<td><strong>80 mm<\/strong><\/td>\n<\/tr>\n<tr>\n<td><strong>Surface Width<\/strong><\/td>\n<td><strong>150 mm<\/strong><\/td>\n<\/tr>\n<tr>\n<td><strong>Load Capacity<\/strong><\/td>\n<td><strong>Resistant for pedestrian traffic.<\/strong><\/td>\n<\/tr>\n<tr>\n<td><strong>Color<\/strong><\/td>\n<td><strong>Matt Anodized<\/strong><\/td>\n<\/tr>\n<tr>\n<td><strong>Length<\/strong><\/td>\n<td><strong>3mt<\/strong><\/td>\n<\/tr>\n<\/tbody>\n<\/table>\n<p><strong><a href=\"https:\/\/wa.me\/+212657565383\"><br \/>\n<\/a>D\u00e9tails \u00a0technique\u00a0:<\/strong><\/p>\n<p>&nbsp;<\/p>\n<p><strong>COUVRE\u00a0JOINTS DE PLANCHER POUR PARKING<\/strong><\/p>\n<p><strong>Caract\u00e9ristiques Techniques :<\/strong><\/p>\n<ul>\n<li><strong>Produit :<\/strong>Couvercle pour joint de plancher de parking<\/li>\n<li><strong>Code article :<\/strong>ZK 200<\/li>\n<li><strong>Hauteur :<\/strong>10 mm<\/li>\n<li><strong>Largeur totale :<\/strong>200 mm<\/li>\n<li><strong>Largeur du joint :<\/strong>50 mm<\/li>\n<li><strong>Longueur standard :<\/strong>2 m<\/li>\n<li><strong>Installation :<\/strong>Montage en surface<\/li>\n<li><strong>Mat\u00e9riau :<\/strong>Plaque en acier ST37 + Caoutchouc naturel (NR)<\/li>\n<li><strong>Style de production :<\/strong>Vulcanisation<\/li>\n<\/ul>\n<p>&nbsp;<\/p>\n<p><strong>Sp\u00e9cifications des Mat\u00e9riaux :<\/strong><\/p>\n<ul>\n<li><strong>\u00c9paisseur de l\u2019acier :<\/strong>3 mm<\/li>\n<li><strong>Largeur de l\u2019acier :<\/strong>150 mm<\/li>\n<li><strong>Mouvement permis :<\/strong>+50 mm \/ -50 mm<\/li>\n<li><strong>Charge (trafic) :<\/strong><\/li>\n<\/ul>\n<p>o\u00a0V\u00e9hicules l\u00e9gers :\u00a035 kN<\/p>\n<p>o\u00a0V\u00e9hicules lourds :\u00a0160 kN<\/p>\n<p><strong>Applications :<\/strong>\u200b\u200b<\/p>\n<ol>\n<li>Utilis\u00e9 pour les parkings souterrains et ext\u00e9rieurs.<\/li>\n<li>Convient pour les zones \u00e0 forte charge de trafic.<\/li>\n<li>Con\u00e7u pour r\u00e9sister aux mouvements structurels dans les zones de dilatation<\/li>\n<\/ol>\n","protected":false},"excerpt":{"rendered":"<p><strong>COUVRE\u00a0JOINTS DE PLANCHER POUR PARKING<\/strong><\/p>\n<p>&nbsp;<\/p>\n<p>Les profil\u00e9s de parking en caoutchouc Ankadex ZK sont sp\u00e9cialement con\u00e7us pour les sols industriels soumis \u00e0 un trafic intense. L\u2019\u00e9paisseur et la largeur du profil\u00e9 int\u00e9rieur en acier ST 37 sont disponibles en diff\u00e9rentes dimensions selon l\u2019espace du joint de dilatation et sont int\u00e9gr\u00e9s dans le caoutchouc EPDM press\u00e9 par vulcanisation. Gr\u00e2ce \u00e0 sa structure en caoutchouc, le bruit est r\u00e9duit et le profil\u00e9 en acier est pr\u00e9-cintr\u00e9.<\/p>\n","protected":false},"featured_media":231,"comment_status":"open","ping_status":"closed","template":"","meta":[],"product_brand":[],"product_cat":[27],"product_tag":[56,58,57],"class_list":{"0":"post-2159","1":"product","2":"type-product","3":"status-publish","4":"has-post-thumbnail","6":"product_cat-non-classe","7":"product_tag-joint","8":"product_tag-joint-de-profil","9":"product_tag-profil","11":"first","12":"instock","13":"shipping-taxable","14":"purchasable","15":"product-type-simple"},"_links":{"self":[{"href":"https:\/\/smartcompany.ma\/index.php\/wp-json\/wp\/v2\/product\/2159","targetHints":{"allow":["GET"]}}],"collection":[{"href":"https:\/\/smartcompany.ma\/index.php\/wp-json\/wp\/v2\/product"}],"about":[{"href":"https:\/\/smartcompany.ma\/index.php\/wp-json\/wp\/v2\/types\/product"}],"replies":[{"embeddable":true,"href":"https:\/\/smartcompany.ma\/index.php\/wp-json\/wp\/v2\/comments?post=2159"}],"wp:featuredmedia":[{"embeddable":true,"href":"https:\/\/smartcompany.ma\/index.php\/wp-json\/wp\/v2\/media\/231"}],"wp:attachment":[{"href":"https:\/\/smartcompany.ma\/index.php\/wp-json\/wp\/v2\/media?parent=2159"}],"wp:term":[{"taxonomy":"product_brand","embeddable":true,"href":"https:\/\/smartcompany.ma\/index.php\/wp-json\/wp\/v2\/product_brand?post=2159"},{"taxonomy":"product_cat","embeddable":true,"href":"https:\/\/smartcompany.ma\/index.php\/wp-json\/wp\/v2\/product_cat?post=2159"},{"taxonomy":"product_tag","embeddable":true,"href":"https:\/\/smartcompany.ma\/index.php\/wp-json\/wp\/v2\/product_tag?post=2159"}],"curies":[{"name":"wp","href":"https:\/\/api.w.org\/{rel}","templated":true}]}}