{"id":2157,"date":"2025-05-13T01:24:47","date_gmt":"2025-05-13T01:24:47","guid":{"rendered":"https:\/\/smartcompany.ma\/?post_type=product&#038;p=2157"},"modified":"2025-05-13T21:58:51","modified_gmt":"2025-05-13T21:58:51","slug":"du-2000","status":"publish","type":"product","link":"https:\/\/smartcompany.ma\/index.php\/produit\/du-2000\/","title":{"rendered":"DU 2000"},"content":{"rendered":"<p><strong>Fiche technique\u00a0:<\/strong><\/p>\n<p>&nbsp;<\/p>\n<table width=\"892\">\n<tbody>\n<tr>\n<td><strong>Gap<\/strong><\/td>\n<td><strong>10 mm &#8211; 30 mm<\/strong><\/td>\n<\/tr>\n<tr>\n<td><strong>Height<\/strong><\/td>\n<td><strong>45 mm &#8211; 28 mm<\/strong><\/td>\n<\/tr>\n<tr>\n<td><strong>Movement Capacity<\/strong><\/td>\n<td><strong>+ 7 mm\/ &#8211; 5 mm<\/strong><\/td>\n<\/tr>\n<tr>\n<td><strong>Surface Width<\/strong><\/td>\n<td><strong>68 mm &#8211; 33 mm<\/strong><\/td>\n<\/tr>\n<\/tbody>\n<\/table>\n<p>&nbsp;<\/p>\n<p><strong><a href=\"https:\/\/wa.me\/+212657565383\"><br \/>\n<\/a>D\u00e9tails \u00a0technique\u00a0:<\/strong><\/p>\n<p>&nbsp;<\/p>\n<p>Selon les conditions d\u2019utilisation, telles que la r\u00e9sistance aux huiles et aux bitumes, les mouvements importants \u00e0 des temp\u00e9ratures extr\u00eames, la r\u00e9sistance au feu, la s\u00e9curit\u00e9 physiologique, les profil\u00e9s COR AR500 sont fabriqu\u00e9s \u00e0 partir de mati\u00e8res premi\u00e8res s\u00e9lectionn\u00e9es conform\u00e9ment \u00e0 la norme DIN 7865, ASTM D638 et ASTM D746.<\/p>\n<p>Les profil\u00e9s de serrage sont fabriqu\u00e9s selon la norme DIN 18541: allongement \u00e0 la rupture&gt; 350%, excellente r\u00e9sistance aux produits chimiques et au vieillissement, \u00e9lasticit\u00e9 \u00e9quivalente \u00e0 celle du caoutchouc naturel. Disponible en noir et gris. Autres couleurs disponibles selon le nuancier RAL ou via un \u00e9chantillon sp\u00e9cifique.<\/p>\n<p><strong>PROFILS POUR COLMER DES JOINTS<\/strong><\/p>\n<p>Scellage encastr\u00e9 \u00e9lastique (peut \u00eatre coll\u00e9) pour un collage rapide et \u00e9conomique des joints verticaux et horizontaux, int\u00e9rieurs ou ext\u00e9rieurs. Les profil\u00e9s ont un dessus en forme de \u00ab\u00a0chapeau\u00a0\u00bb, ce qui garantit une bonne couverture et cache les d\u00e9fauts qui peuvent avoir les bords du joint. Pour joints de dilatation, joints entre \u00e9l\u00e9ments pr\u00e9fabriqu\u00e9s, joints entre ma\u00e7onnerie, etc \u2026<\/p>\n<p>Utilis\u00e9 \u00e0 l\u2019int\u00e9rieur et \u00e0 l\u2019ext\u00e9rieur sur les sols, les murs et les plafonds. Ils sont enti\u00e8rement compatibles avec nos cordons anti-feu Vedafeu C, N et nos couvertures Vedafeu M.<\/p>\n<p>Les profil\u00e9s sont en caoutchouc nitrile KLP selon DIN 18541, caract\u00e9ris\u00e9s par un allongement \u00e0 la rupture de plus de 350%, une excellente r\u00e9sistance aux agents chimiques et au vieillissement, comparable \u00e0 l\u2019\u00e9lasticit\u00e9 du caoutchouc naturel. Ils sont plus auto-extinguibles et ne propagent pas le feu en cas d\u2019incendie. Selon les conditions d\u2019application sp\u00e9cifiques, ils ont une excellente r\u00e9sistance aux huiles et bitumes, et \u00e0 l\u2019usure par temp\u00e9ratures extr\u00eames, au risque d\u2019incendie et physiologiquement s\u00fbrs, les profil\u00e9s KLP sont fabriqu\u00e9s \u00e0 partir de mat\u00e9riaux tr\u00e8s sp\u00e9cifiques. Disponible en rouleau noir ou gris de 25 ml. \u00c9galement dans toutes les couleurs RAL ou selon un \u00e9chantillon sp\u00e9cifique. Profil angulaire \u00e9galement disponible.<\/p>\n","protected":false},"excerpt":{"rendered":"<p><strong>PROFIL DE JOINTS DE DILATATION \u00c9TANCHE POUR PLANCHER\/DALLE<\/strong><\/p>\n<p><strong>\u00a0<\/strong><\/p>\n<p>Les profil\u00e9s de parking en caoutchouc Ankadex ZK sont sp\u00e9cialement con\u00e7us pour les sols industriels soumis \u00e0 un trafic intense. L\u2019\u00e9paisseur et la largeur du profil\u00e9 int\u00e9rieur en acier ST 37 sont disponibles en diff\u00e9rentes dimensions selon l\u2019espace du joint de dilatation et sont int\u00e9gr\u00e9s dans le caoutchouc EPDM press\u00e9 par vulcanisation. Gr\u00e2ce \u00e0 sa structure en caoutchouc, le bruit est r\u00e9duit et le profil\u00e9 en acier est pr\u00e9-cintr\u00e9.<\/p>\n","protected":false},"featured_media":388,"comment_status":"open","ping_status":"closed","template":"","meta":[],"product_brand":[],"product_cat":[27],"product_tag":[56,58,57],"class_list":{"0":"post-2157","1":"product","2":"type-product","3":"status-publish","4":"has-post-thumbnail","6":"product_cat-non-classe","7":"product_tag-joint","8":"product_tag-joint-de-profil","9":"product_tag-profil","11":"first","12":"instock","13":"shipping-taxable","14":"purchasable","15":"product-type-simple"},"_links":{"self":[{"href":"https:\/\/smartcompany.ma\/index.php\/wp-json\/wp\/v2\/product\/2157","targetHints":{"allow":["GET"]}}],"collection":[{"href":"https:\/\/smartcompany.ma\/index.php\/wp-json\/wp\/v2\/product"}],"about":[{"href":"https:\/\/smartcompany.ma\/index.php\/wp-json\/wp\/v2\/types\/product"}],"replies":[{"embeddable":true,"href":"https:\/\/smartcompany.ma\/index.php\/wp-json\/wp\/v2\/comments?post=2157"}],"wp:featuredmedia":[{"embeddable":true,"href":"https:\/\/smartcompany.ma\/index.php\/wp-json\/wp\/v2\/media\/388"}],"wp:attachment":[{"href":"https:\/\/smartcompany.ma\/index.php\/wp-json\/wp\/v2\/media?parent=2157"}],"wp:term":[{"taxonomy":"product_brand","embeddable":true,"href":"https:\/\/smartcompany.ma\/index.php\/wp-json\/wp\/v2\/product_brand?post=2157"},{"taxonomy":"product_cat","embeddable":true,"href":"https:\/\/smartcompany.ma\/index.php\/wp-json\/wp\/v2\/product_cat?post=2157"},{"taxonomy":"product_tag","embeddable":true,"href":"https:\/\/smartcompany.ma\/index.php\/wp-json\/wp\/v2\/product_tag?post=2157"}],"curies":[{"name":"wp","href":"https:\/\/api.w.org\/{rel}","templated":true}]}}