{"id":2156,"date":"2025-05-13T01:21:40","date_gmt":"2025-05-13T01:21:40","guid":{"rendered":"https:\/\/smartcompany.ma\/?post_type=product&#038;p=2156"},"modified":"2025-05-13T21:56:11","modified_gmt":"2025-05-13T21:56:11","slug":"du-2040","status":"publish","type":"product","link":"https:\/\/smartcompany.ma\/index.php\/produit\/du-2040\/","title":{"rendered":"DU 2040"},"content":{"rendered":"<p><strong>Fiche technique\u00a0:<\/strong><\/p>\n<p>&nbsp;<\/p>\n<table width=\"892\">\n<tbody>\n<tr>\n<td><strong>Gap<\/strong><\/td>\n<td><strong>50 mm<\/strong><\/td>\n<\/tr>\n<tr>\n<td><strong>Height<\/strong><\/td>\n<td><strong>15 mm<\/strong><\/td>\n<\/tr>\n<tr>\n<td><strong>Movement Capacity<\/strong><\/td>\n<td><strong>+\/- 10 mm<\/strong><\/td>\n<\/tr>\n<tr>\n<td><strong>Surface Width<\/strong><\/td>\n<td><strong>145 mm<\/strong><\/td>\n<\/tr>\n<tr>\n<td><strong>Length<\/strong><\/td>\n<td><strong>3 mt<\/strong><\/td>\n<\/tr>\n<\/tbody>\n<\/table>\n<p>&nbsp;<\/p>\n<p><strong><a href=\"https:\/\/wa.me\/+212657565383\"><br \/>\n<\/a>D\u00e9tails \u00a0technique\u00a0:<\/strong><\/p>\n<p><strong>\u00a0<\/strong><\/p>\n<p><strong>PROFIL DE JOINTS DE DILATATION POUR MURS ET PLAFONDS<\/strong><\/p>\n<p><strong>Caract\u00e9ristiques Techniques :<\/strong><\/p>\n<ul>\n<li><strong>Code article :<\/strong>DU 2040-050 H15<\/li>\n<li><strong>Localisation :<\/strong>Mur et plafond<\/li>\n<li><strong>Installation :<\/strong>Montage en surface<\/li>\n<li><strong>Anodisation :<\/strong>anodis\u00e9 \/ Non anodis\u00e9<\/li>\n<li><strong>Hauteur :<\/strong>15 mm<\/li>\n<li><strong>Largeur totale :<\/strong>145 mm<\/li>\n<li><strong>Largeur du joint :<\/strong>50 mm<\/li>\n<li><strong>Longueur standard :<\/strong>3 m<\/li>\n<li><strong>Capacit\u00e9 de mouvement :<\/strong>+10 mm \/ -8 mm<\/li>\n<\/ul>\n<p><strong>Sp\u00e9cifications Mat\u00e9rielles :<\/strong><\/p>\n<p><strong>Aluminium :<\/strong><\/p>\n<ul>\n<li><strong>Standards :<\/strong>6063 AA-USA<\/li>\n<li><strong>Temp\u00e9rature de fusion :<\/strong>660\u00b0C<\/li>\n<li><strong>Temp\u00e9rature d\u2019\u00e9bullition :<\/strong>2300\u00b0C<\/li>\n<li><strong>R\u00e9sistance \u00e0 la rupture :<\/strong>16,5 Kg\/mm\u00b2<\/li>\n<li><strong>R\u00e9sistance \u00e0 la traction :<\/strong>19,0 Kg\/mm\u00b2<\/li>\n<li><strong>Allongement (5\u00a0%) :<\/strong>8,0 Kg\/mm\u00b2<\/li>\n<li><strong>Densit\u00e9 :<\/strong>2,71 g\/cm\u00b3<\/li>\n<li><strong>Couleur :<\/strong>Naturelle<\/li>\n<\/ul>\n<p><strong>Insert en Caoutchouc :<\/strong><\/p>\n<ul>\n<li><strong>Couleur :<\/strong>Noir, beige, gris<\/li>\n<li><strong>Type :<\/strong>TPE<\/li>\n<li><strong>Dur\u00e9t\u00e9 :<\/strong>75<\/li>\n<li><strong>Temp\u00e9rature maximale<\/strong><strong>continue :<\/strong>\u00a0120\u00b0C<\/li>\n<li><strong>Temp\u00e9rature maximale intermittente :<\/strong>140\u00b0C<\/li>\n<li><strong>Temp\u00e9rature minimale :<\/strong>-40\u00b0C<\/li>\n<li><strong>R\u00e9sistance \u00e0 l&rsquo;oxydation :<\/strong>Excellente<\/li>\n<li><strong>R\u00e9sistance \u00e0 la d\u00e9chirure :<\/strong>27 N\/mm<\/li>\n<\/ul>\n<p><strong>Applications :<\/strong><\/p>\n<ol>\n<li>Id\u00e9al pour les joints de dilatation dans les murs et plafonds des b\u00e2timents commerciaux et r\u00e9sidentiels.<\/li>\n<li>Adapt\u00e9 pour les installations int\u00e9rieures soumises \u00e0 des mouvements structurels.<\/li>\n<li>Con\u00e7u pour une finition esth\u00e9tique et durable.<\/li>\n<\/ol>\n","protected":false},"excerpt":{"rendered":"<p><strong>PROFIL DE JOINTS DE DILATATION \u00c9TANCHE POUR PLANCHER\/DALLE<\/strong><\/p>\n<p>&nbsp;<\/p>\n<p>Les profil\u00e9s de parking en caoutchouc Ankadex ZK sont sp\u00e9cialement con\u00e7us pour les sols industriels soumis \u00e0 un trafic intense. L\u2019\u00e9paisseur et la largeur du profil\u00e9 int\u00e9rieur en acier ST 37 sont disponibles en diff\u00e9rentes dimensions selon l\u2019espace du joint de dilatation et sont int\u00e9gr\u00e9s dans le caoutchouc EPDM press\u00e9 par vulcanisation. Gr\u00e2ce \u00e0 sa structure en caoutchouc, le bruit est r\u00e9duit et le profil\u00e9 en acier est pr\u00e9-cintr\u00e9.<\/p>\n","protected":false},"featured_media":285,"comment_status":"open","ping_status":"closed","template":"","meta":[],"product_brand":[],"product_cat":[27],"product_tag":[56,58,57],"class_list":{"0":"post-2156","1":"product","2":"type-product","3":"status-publish","4":"has-post-thumbnail","6":"product_cat-non-classe","7":"product_tag-joint","8":"product_tag-joint-de-profil","9":"product_tag-profil","11":"first","12":"instock","13":"shipping-taxable","14":"purchasable","15":"product-type-simple"},"_links":{"self":[{"href":"https:\/\/smartcompany.ma\/index.php\/wp-json\/wp\/v2\/product\/2156","targetHints":{"allow":["GET"]}}],"collection":[{"href":"https:\/\/smartcompany.ma\/index.php\/wp-json\/wp\/v2\/product"}],"about":[{"href":"https:\/\/smartcompany.ma\/index.php\/wp-json\/wp\/v2\/types\/product"}],"replies":[{"embeddable":true,"href":"https:\/\/smartcompany.ma\/index.php\/wp-json\/wp\/v2\/comments?post=2156"}],"wp:featuredmedia":[{"embeddable":true,"href":"https:\/\/smartcompany.ma\/index.php\/wp-json\/wp\/v2\/media\/285"}],"wp:attachment":[{"href":"https:\/\/smartcompany.ma\/index.php\/wp-json\/wp\/v2\/media?parent=2156"}],"wp:term":[{"taxonomy":"product_brand","embeddable":true,"href":"https:\/\/smartcompany.ma\/index.php\/wp-json\/wp\/v2\/product_brand?post=2156"},{"taxonomy":"product_cat","embeddable":true,"href":"https:\/\/smartcompany.ma\/index.php\/wp-json\/wp\/v2\/product_cat?post=2156"},{"taxonomy":"product_tag","embeddable":true,"href":"https:\/\/smartcompany.ma\/index.php\/wp-json\/wp\/v2\/product_tag?post=2156"}],"curies":[{"name":"wp","href":"https:\/\/api.w.org\/{rel}","templated":true}]}}